{"id":466,"date":"2024-09-11T11:32:10","date_gmt":"2024-09-11T09:32:10","guid":{"rendered":"https:\/\/www.fkkb.de\/?page_id=466"},"modified":"2024-09-11T11:32:10","modified_gmt":"2024-09-11T09:32:10","slug":"cookie-policy","status":"publish","type":"page","link":"https:\/\/www.fkkb.de\/en\/cookie-policy\/","title":{"rendered":"Cookie Policy"},"content":{"rendered":"<style>\na.cky-banner-element {<br \/>\npadding: 8px 30px;<br \/>\nbackground: #F8F9FA;<br \/>\ncolor: #858A8F;<br \/>\nborder: 1px solid #DEE2E6;<br \/>\nbox-sizing: border-box;<br \/>\nRand-Radius: 2px;<br \/>\ncursor: pointer;<br \/>\n}<br \/>\n<\/style>\n<h1 class=\"\u201ecookie-policy-h1\u201c\">Cookie-Richtlinie<\/h1>\n<p>G\u00fcltigkeitsdatum: 09-Sep-2024<br \/>\nZuletzt aktualisiert: 11-Sep-2024<\/p>\n<p>&nbsp;<\/p>\n<h5>Was sind Cookies?<\/h5>\n<div class=\"\u201ecookie-policy-p\u201c\">\n<p>In dieser Cookie-Richtlinie wird erkl\u00e4rt, was Cookies sind und wie wir sie verwenden, welche Arten von Cookies wir verwenden, welche Informationen wir mit Hilfe von Cookies sammeln und wie diese Informationen verwendet werden, und wie Sie die Cookie-Einstellungen verwalten k\u00f6nnen.<\/p>\n<p>Cookies sind kleine Textdateien, die zum Speichern kleiner Informationen verwendet werden. Sie werden auf Ihrem Ger\u00e4t gespeichert, wenn die Website \u00fcber Ihren Browser geladen wird. Diese Cookies helfen uns, die Website ordnungsgem\u00e4\u00df funktionieren zu lassen, sie sicherer zu machen, eine bessere Benutzererfahrung zu bieten und zu verstehen, wie die Website funktioniert, um zu analysieren, was funktioniert und wo sie verbessert werden muss.<\/p>\n<\/div>\n<p>&nbsp;<\/p>\n<h5>Wie verwenden wir Cookies?<\/h5>\n<div class=\"\u201ecookie-policy-p\u201c\">\n<p>Wie die meisten Online-Dienste verwendet auch unsere Website Erstanbieter- und Drittanbieter-Cookies f\u00fcr verschiedene Zwecke. Cookies von Erstanbietern sind meist notwendig, damit die Website richtig funktioniert, und sie erfassen keine personenbezogenen Daten.<\/p>\n<p>Die Cookies von Drittanbietern, die auf unserer Website verwendet werden, dienen vor allem dazu, zu verstehen, wie die Website funktioniert, wie Sie mit unserer Website interagieren, unsere Dienste sicher zu halten, Ihnen f\u00fcr Sie relevante Werbung anzubieten und Ihnen insgesamt ein besseres und verbessertes Benutzererlebnis zu bieten und Ihre k\u00fcnftigen Interaktionen mit unserer Website zu beschleunigen.<\/p>\n<\/div>\n<p>&nbsp;<\/p>\n<h5>Die Arten von Cookies, die wir verwenden<\/h5>\n<div class=\"\u201ecky-audit-table-element\u201c\"><\/div>\n<p>&nbsp;<\/p>\n<h5 style=\"\u201emargin-bottom: 20px;\">Cookie-Einstellungen verwalten<\/h5>\n<p><a class=\"\u201ecky-banner-element\u201c\">Cookie-Einstellungen<\/a><\/p>\n<div>\n<p>Sie k\u00f6nnen Ihre Cookie-Einstellungen jederzeit \u00e4ndern, indem Sie auf die obige Schaltfl\u00e4che klicken. Auf diese Weise k\u00f6nnen Sie das Cookie-Einwilligungsbanner erneut aufrufen und Ihre Einstellungen \u00e4ndern oder Ihre Einwilligung sofort widerrufen.<\/p>\n<p>Au\u00dferdem bieten verschiedene Browser unterschiedliche Methoden zum Blockieren und L\u00f6schen von Cookies, die von Websites verwendet werden. Sie k\u00f6nnen die Einstellungen Ihres Browsers \u00e4ndern, um die Cookies zu blockieren\/l\u00f6schen. Im Folgenden finden Sie Links zu den Support-Dokumenten der wichtigsten Webbrowser, die Ihnen zeigen, wie Sie Cookies verwalten und l\u00f6schen k\u00f6nnen.<\/p>\n<p>Chrome: <a href=\"\/\/support.google.com\/accounts\/answer\/32050\u201c\" target=\"\u201e_blank\u201c\" rel=\"noopener\">https:\/\/support.google.com\/accounts\/answer\/32050<\/a><\/p>\n<p>Safari: <a href=\"\/\/support.apple.com\/en-in\/guide\/safari\/sfri11471\/mac\u201c\" target=\"\u201e_blank\u201c\" rel=\"noopener\">https:\/\/support.apple.com\/en-in\/guide\/safari\/sfri11471\/mac<\/a><\/p>\n<p>Firefox: <a href=\"\/\/support.mozilla.org\/en-US\/kb\/clear-cookies-and-site-data-firefox?redirectslug=delete-cookies-remove-info-websites-stored&amp;redirectlocale=de-US\u201c\" target=\"\u201e_blank\u201c\" rel=\"noopener\">https:\/\/support.mozilla.org\/en-US\/kb\/clear-cookies-and-site-data-firefox?redirectslug=delete-cookies-remove-info-websites-stored&amp;redirectlocale=de-US<\/a><\/p>\n<p>Internet Explorer: <a href=\"\/\/support.microsoft.com\/en-us\/topic\/how-to-delete-cookie-files-in-internet-explorer-bca9446f-d873-78de-77ba-d42645fa52fc\u201c\" target=\"\u201e_blank\u201c\" rel=\"noopener\">https:\/\/support.microsoft.com\/en-us\/topic\/how-to-delete-cookie-files-in-internet-explorer-bca9446f-d873-78de-77ba-d42645fa52fc<\/a><\/p>\n<p>Wenn Sie einen anderen Webbrowser verwenden, besuchen Sie bitte die offiziellen Support-Dokumente Ihres Browsers.<\/p>\n<\/div>","protected":false},"excerpt":{"rendered":"<p>Cookie-Richtlinie G\u00fcltigkeitsdatum: 09-Sep-2024 Zuletzt aktualisiert: 11-Sep-2024 &nbsp; Was sind Cookies? In dieser Cookie-Richtlinie wird erkl\u00e4rt, was Cookies sind und wie wir sie verwenden, welche Arten von Cookies wir verwenden, welche&#8230;<\/p>","protected":false},"author":6,"featured_media":0,"parent":0,"menu_order":0,"comment_status":"closed","ping_status":"closed","template":"","meta":{"_acf_changed":false,"inline_featured_image":false,"footnotes":""},"class_list":["post-466","page","type-page","status-publish"],"acf":[],"_links":{"self":[{"href":"https:\/\/www.fkkb.de\/en\/wp-json\/wp\/v2\/pages\/466","targetHints":{"allow":["GET"]}}],"collection":[{"href":"https:\/\/www.fkkb.de\/en\/wp-json\/wp\/v2\/pages"}],"about":[{"href":"https:\/\/www.fkkb.de\/en\/wp-json\/wp\/v2\/types\/page"}],"author":[{"embeddable":true,"href":"https:\/\/www.fkkb.de\/en\/wp-json\/wp\/v2\/users\/6"}],"replies":[{"embeddable":true,"href":"https:\/\/www.fkkb.de\/en\/wp-json\/wp\/v2\/comments?post=466"}],"version-history":[{"count":2,"href":"https:\/\/www.fkkb.de\/en\/wp-json\/wp\/v2\/pages\/466\/revisions"}],"predecessor-version":[{"id":484,"href":"https:\/\/www.fkkb.de\/en\/wp-json\/wp\/v2\/pages\/466\/revisions\/484"}],"wp:attachment":[{"href":"https:\/\/www.fkkb.de\/en\/wp-json\/wp\/v2\/media?parent=466"}],"curies":[{"name":"wp","href":"https:\/\/api.w.org\/{rel}","templated":true}]}}