{"id":425,"date":"2024-08-19T14:21:16","date_gmt":"2024-08-19T12:21:16","guid":{"rendered":"https:\/\/www.fkkb.de\/?page_id=425"},"modified":"2026-04-13T15:14:10","modified_gmt":"2026-04-13T13:14:10","slug":"impressum","status":"publish","type":"page","link":"https:\/\/www.fkkb.de\/en\/impressum\/","title":{"rendered":"Imprint"},"content":{"rendered":"<p><strong>IMPRESSUM<\/strong><\/p>\n<p>Pandox Berlin GmbH<br \/>\nc\/o Hotel Berlin, Berlin<br \/>\nL\u00fctzowplatz 17<br \/>\n10785 Berlin, Germany<\/p>\n<p>Phone: +49(30)2605-0<br \/>\nFax: +49(30)2605-39-2716<\/p>\n<p>Gesch\u00e4ftsf\u00fchrer: Jan Henningsen, Karl Magnus Christian Melkersson und Anneli Elisabet Lindblom<br \/>\nUst.Id.Nr.: DE 240700200<br \/>\nSitz der Gesellschaft: Berlin<br \/>\nRegistergericht: Amtsgericht Charlottenburg<br \/>\nHandelsregistereintrag: HRB 96069<\/p>\n<p>Mandatory information according to the Regulation (EU) No 524\/2013 of the European Parliament and of the Council:<\/p>\n<p class=\"translation-block\">Follow this link to the website of the European Commission\u2019s entity for online dispute resolution for consumer disputes: https:\/\/ec.europa.eu\/consumers\/odr\/. Should you have any initial questions concerning a potential dispute resolution, please email us at info@hotel-berlin.de.<\/p>","protected":false},"excerpt":{"rendered":"<p>IMPRESSUM Pandox Berlin GmbH c\/o Hotel Berlin, Berlin L\u00fctzowplatz 17 10785 Berlin, Germany Phone: +49(30)2605-0 Fax: +49(30)2605-39-2716 Gesch\u00e4ftsf\u00fchrer: Jan Henningsen, Karl Magnus Christian Melkersson und Anneli Elisabet Lindblom Ust.Id.Nr.: DE&#8230;<\/p>","protected":false},"author":3,"featured_media":0,"parent":0,"menu_order":0,"comment_status":"closed","ping_status":"closed","template":"","meta":{"_acf_changed":false,"inline_featured_image":false,"footnotes":""},"class_list":["post-425","page","type-page","status-publish"],"acf":[],"_links":{"self":[{"href":"https:\/\/www.fkkb.de\/en\/wp-json\/wp\/v2\/pages\/425","targetHints":{"allow":["GET"]}}],"collection":[{"href":"https:\/\/www.fkkb.de\/en\/wp-json\/wp\/v2\/pages"}],"about":[{"href":"https:\/\/www.fkkb.de\/en\/wp-json\/wp\/v2\/types\/page"}],"author":[{"embeddable":true,"href":"https:\/\/www.fkkb.de\/en\/wp-json\/wp\/v2\/users\/3"}],"replies":[{"embeddable":true,"href":"https:\/\/www.fkkb.de\/en\/wp-json\/wp\/v2\/comments?post=425"}],"version-history":[{"count":4,"href":"https:\/\/www.fkkb.de\/en\/wp-json\/wp\/v2\/pages\/425\/revisions"}],"predecessor-version":[{"id":703,"href":"https:\/\/www.fkkb.de\/en\/wp-json\/wp\/v2\/pages\/425\/revisions\/703"}],"wp:attachment":[{"href":"https:\/\/www.fkkb.de\/en\/wp-json\/wp\/v2\/media?parent=425"}],"curies":[{"name":"wp","href":"https:\/\/api.w.org\/{rel}","templated":true}]}}